{"id":2,"date":"2009-05-16T15:00:00","date_gmt":"2009-05-16T13:00:00","guid":{"rendered":"http:\/\/www.saupe-thom.de\/fotobuch\/?page_id=2"},"modified":"2025-03-30T10:15:29","modified_gmt":"2025-03-30T08:15:29","slug":"impressum","status":"publish","type":"page","link":"https:\/\/www.saupe-thom.de\/fotobuch\/?page_id=2","title":{"rendered":"Impressum"},"content":{"rendered":"<p>Dies ist eine WordPress-Seite, Sie k\u00f6nnen hier Informationen \u00fcber diese Website oder sich selbst einf\u00fcgen. Sie k\u00f6nnen beliebig viele solcher Seiten und Unterseiten mit WordPress erstellen.<\/p>\n","protected":false},"excerpt":{"rendered":"<p>Dies ist eine WordPress-Seite, Sie k\u00f6nnen hier Informationen \u00fcber diese Website oder sich selbst einf\u00fcgen. Sie k\u00f6nnen beliebig viele solcher Seiten und Unterseiten mit WordPress erstellen.<\/p>\n","protected":false},"author":1,"featured_media":0,"parent":0,"menu_order":0,"comment_status":"closed","ping_status":"closed","template":"","meta":{"footnotes":""},"class_list":["post-2","page","type-page","status-publish","hentry"],"_links":{"self":[{"href":"https:\/\/www.saupe-thom.de\/fotobuch\/index.php?rest_route=\/wp\/v2\/pages\/2","targetHints":{"allow":["GET"]}}],"collection":[{"href":"https:\/\/www.saupe-thom.de\/fotobuch\/index.php?rest_route=\/wp\/v2\/pages"}],"about":[{"href":"https:\/\/www.saupe-thom.de\/fotobuch\/index.php?rest_route=\/wp\/v2\/types\/page"}],"author":[{"embeddable":true,"href":"https:\/\/www.saupe-thom.de\/fotobuch\/index.php?rest_route=\/wp\/v2\/users\/1"}],"replies":[{"embeddable":true,"href":"https:\/\/www.saupe-thom.de\/fotobuch\/index.php?rest_route=%2Fwp%2Fv2%2Fcomments&post=2"}],"version-history":[{"count":1,"href":"https:\/\/www.saupe-thom.de\/fotobuch\/index.php?rest_route=\/wp\/v2\/pages\/2\/revisions"}],"predecessor-version":[{"id":592,"href":"https:\/\/www.saupe-thom.de\/fotobuch\/index.php?rest_route=\/wp\/v2\/pages\/2\/revisions\/592"}],"wp:attachment":[{"href":"https:\/\/www.saupe-thom.de\/fotobuch\/index.php?rest_route=%2Fwp%2Fv2%2Fmedia&parent=2"}],"curies":[{"name":"wp","href":"https:\/\/api.w.org\/{rel}","templated":true}]}}